{"id":13,"date":"2020-12-06T11:19:45","date_gmt":"2020-12-06T10:19:45","guid":{"rendered":"http:\/\/avo.cat\/wordpress\/?page_id=13"},"modified":"2025-04-30T11:20:24","modified_gmt":"2025-04-30T09:20:24","slug":"a-propos-de","status":"publish","type":"page","link":"https:\/\/www.avo.cat\/wordpress\/a-propos-de\/","title":{"rendered":"\u00c0 propos"},"content":{"rendered":"<div class=\"wp-block-image\">\n<figure class=\"alignright size-full\"><img loading=\"lazy\" decoding=\"async\" width=\"335\" height=\"218\" src=\"https:\/\/www.avo.cat\/wordpress\/wp-content\/uploads\/2024\/06\/wpc1192567_05_06.jpg\" alt=\"\" class=\"wp-image-333\" srcset=\"https:\/\/www.avo.cat\/wordpress\/wp-content\/uploads\/2024\/06\/wpc1192567_05_06.jpg 335w, https:\/\/www.avo.cat\/wordpress\/wp-content\/uploads\/2024\/06\/wpc1192567_05_06-300x195.jpg 300w\" sizes=\"auto, (max-width: 335px) 100vw, 335px\" \/><\/figure>\n<\/div>\n\n\n<p>Ma\u00eetre Rose-Marie QUINTANA est avocat quadrilingue&nbsp;(fran\u00e7ais, espagnol, catalan, anglais) dipl\u00f4m\u00e9e en droit et en langue ce qui constitue un atout non n\u00e9gligeable \u00e0 l\u2019heure de r\u00e9diger des contrats internationaux ou de vous assister au mieux dans la langue appropri\u00e9e.<\/p>\n\n\n\n<p>Ma\u00eetre QUINTANA est sollicit\u00e9e pour son expertise de la fronti\u00e8re Franco-espagnole (et surtout franco-catalane) et intervient tant au niveau local (en France et en Catalogne sud) que devant les institution de l\u2019Union europ\u00e9enne. Elle est \u00e9galement l\u2019auteure de fiches pratiques (financement par l\u2019Union Europ\u00e9nne) \u00e0 l\u2019attention des professionnels (Projet CULTURPRO)<\/p>\n\n\n\n<p><strong>Comp\u00e9tences juridiques et linguistiques<\/strong><\/p>\n\n\n\n<p>Certificat d\u2019Aptitude \u00e0 la Profession d\u2019Avocat<\/p>\n\n\n\n<p>Ma\u00eetrise de droit Priv\u00e9 (Major de promotion \u2013 Mention Tr\u00e8s Bien)<\/p>\n\n\n\n<p>Master II Recherche&nbsp;: Politiques, Identit\u00e9s et Territoires en Europe (Major de promotion \u2013 Mention Bien)<\/p>\n\n\n\n<p>DESS (Dipl\u00f4me d\u2019\u00e9tudes sup\u00e9rieures sp\u00e9cialis\u00e9es) en droit des proc\u00e9dures nationales, internationales et europ\u00e9ennes<\/p>\n\n\n\n<p>Dipl\u00f4m\u00e9e en droit et en catalan de l\u2019universit\u00e9 de G\u00e9rone (Espagne) (Mention Tr\u00e8s Bien en droit et en Catalan)<\/p>\n\n\n\n<p>Licence LEA (Langues \u00e9trang\u00e8res appliqu\u00e9es &#8211; Espagnol, Anglais, Catalan)<\/p>\n\n\n\n<p>D.U. (Dipl\u00f4me Universitaire) d\u2019anglais juridique<\/p>\n\n\n\n<p>SUMMER UNIVERSITY OF FLORIDA, COLLEGE OF LAW : Business Enterprise Regulation and Finance (by the Pr. Stuart Cohn) ; International Financial Crime and Money Laundering, including Cybercrimes and Cybersecurity (by the Pr. Fletcher Baldwin, Jr.). (Universit\u00e9 de Montpellier &#8211; 34)&nbsp;<\/p>\n\n\n\n<p><strong>Expertises internationale et transfrontali\u00e8re<\/strong><\/p>\n\n\n\n<p>Interventions, enseignements, recherches et expertises depuis 2005&nbsp;:<\/p>\n\n\n\n<p class=\"has-vivid-red-color has-text-color has-link-color wp-elements-2a366f7b5c367d3ca7fc4481c2f6546c\"><em><strong>INTERVENTIONS&nbsp;:<\/strong><\/em><\/p>\n\n\n\n<p>A l\u2019attention des Professionnels fran\u00e7ais &nbsp;(En France), notamment&nbsp;:<\/p>\n\n\n\n<p>&#8211; Congr\u00e8s sur l\u2019impact du TGV sur les mobilit\u00e9s transfrontali\u00e8res&nbsp;(2006 &#8211; Palais des Rois de Majorques &#8211; &nbsp;&nbsp;Perpignan) ;<br>&#8211; Congr\u00e8s de droit europ\u00e9en 2006 &#8211; Perpignan, Conf\u00e9rence sur la liquidation des pensions de retraite apr\u00e8s &nbsp;&nbsp;une vie active pass\u00e9e dans plusieurs pays d\u2019Europe&nbsp;;<br>&#8211; Congr\u00e8s sur la mobilit\u00e9 des travailleurs en Europe 2008 &#8211; Palais des congr\u00e8s &#8211; Perpignan, intervention &nbsp;&nbsp;\u00ab\u00a0Mobilit\u00e9 et Fiscalit\u00e9 en Europe\u00a0\u00bb ;<br><\/p>\n\n\n\n<p>A l\u2019attention des professionnels catalans et espagnols (En Catalogne Sud)<\/p>\n\n\n\n<p>&#8211; Intervention sur l\u2019implantation en France des entreprises espagnoles&nbsp;&#8211; Probl\u00e9matiques &nbsp;et solutions<br>&#8211; Formation des agents de l\u2019agence pour l\u2019emploi catalane (\u00ab\u00a0SOC\u00a0\u00bb)&nbsp;(Figueres) : Approche du droit fran\u00e7ais.<\/p>\n\n\n\n<p>A la demande des organisations transfrontali\u00e8res et communautaires<\/p>\n\n\n\n<p>Euro-Institut Strasbourg-Kehl&nbsp;Oct. 2010 &#8211; Strasbourg : table ronde sur le th\u00e8me&nbsp;\u00ab\u00a0Quelle attractivit\u00e9 pour les territoires transfrontaliers?\u00a0\u00bb<\/p>\n\n\n\n<p>Conseil de l\u2019Europe Colloque \u00ab\u00a0Construire des ponts \u00e0 travers les fronti\u00e8res\u00a0\u00bb oct. 2010 \u00e0 Strasbourg. Intervention sur la Coop\u00e9ration transfrontali\u00e8re et mobilit\u00e9 des travailleurs.<\/p>\n\n\n\n<p>Euro-institut Catalan transfrontalier&nbsp;: diverses interventions en France et en Espagne sur le th\u00e8me de la fronti\u00e8re et de l\u2019int\u00e9gration des professionnels, aspects juridiques et Fiscaux.<\/p>\n\n\n\n<p class=\"has-vivid-red-color has-text-color has-link-color wp-elements-dec49d6a581ba3e1bee6cd5fdd274ccf\"><strong><em>ENSEIGNEMENT&nbsp;:<\/em><\/strong><\/p>\n\n\n\n<p>Institut franco-catalan transfrontalier (Perpignan) (Master I et II de relations transfrontali\u00e8res)<\/p>\n\n\n\n<p>IUT de Perpignan&nbsp;: cours de droit compar\u00e9 France-Catalogne&nbsp;; France-Espagne&nbsp;: aspects juridiques et fiscaux. (Licence)<\/p>\n\n\n\n<p>Institut des Sciences de l&rsquo;Entreprise et du Management \u2013 Universit\u00e9 Montpellier 1 (Droit commercial compar\u00e9 France\/Espagne \u2013 D.U. A.M.A.)<\/p>\n\n\n\n<p>Sciences Po. Strasbourg \/ Kehl<\/p>\n\n\n\n<p>ERAGE &#8211; \u00c9cole r\u00e9gionale des Avocats du Grand Est, Strasbourg<\/p>\n\n\n\n<p class=\"has-vivid-red-color has-text-color has-link-color wp-elements-721a2c48b8cf2d22e67fd826cb32723b\"><strong><em>RECHERCHE &amp; EXPERTISE :<\/em><\/strong><\/p>\n\n\n\n<p>Recherche&nbsp;appliqu\u00e9e \u00e0 l\u2019ICRESS&nbsp;en co-tutelle (Universit\u00e9 de Perpignan &#8211; Universit\u00e9 de G\u00e9rone) : Th\u00e8me de recherche&nbsp;: \u00ab\u00a0Du cadre juridico-fiscal \u00e0 la concr\u00e9tisation de l&rsquo;activit\u00e9 commerciale au sein de l&rsquo;espace catalan transfrontalier\u00a0\u00bb<\/p>\n\n\n\n<p>Programme europ\u00e9en transfrontalier Interreg IV-A POCTEFA (Programme op\u00e9rationnel de coop\u00e9ration territoriale Espagne France Andorre) &#8211; initi\u00e9 par la Commission europ\u00e9enne&nbsp;: R\u00e9dacteur et Conseiller&nbsp;&nbsp;CULTURPRO (projet de formation con\u00e7u pour renforcer l\u2019int\u00e9gration transfrontali\u00e8re des entrepreneurs)<\/p>\n\n\n\n<p>Auteur d\u2019une s\u00e9rie de &nbsp;fiches &nbsp;\u00e0 l\u2019attention des professionnels&nbsp;(Fiscalit\u00e9, Droit commercial, Droit des soci\u00e9t\u00e9s, organisations administratives, Droit du travail et de la protection sociale)<\/p>\n","protected":false},"excerpt":{"rendered":"<p>Ma\u00eetre Rose-Marie QUINTANA est avocat quadrilingue&nbsp;(fran\u00e7ais, espagnol, catalan, anglais) dipl\u00f4m\u00e9e en droit et en langue ce qui constitue un atout non n\u00e9gligeable \u00e0 l\u2019heure de r\u00e9diger des contrats internationaux ou de vous assister au mieux dans la langue appropri\u00e9e. Ma\u00eetre QUINTANA est sollicit\u00e9e pour son expertise de la fronti\u00e8re Franco-espagnole (et surtout franco-catalane) et intervient &hellip; <\/p>\n<p class=\"link-more\"><a href=\"https:\/\/www.avo.cat\/wordpress\/a-propos-de\/\" class=\"more-link\">Continuer la lecture<span class=\"screen-reader-text\"> de &laquo;&nbsp;\u00c0 propos&nbsp;&raquo;<\/span><\/a><\/p>\n","protected":false},"author":1,"featured_media":0,"parent":0,"menu_order":0,"comment_status":"closed","ping_status":"closed","template":"","meta":{"footnotes":""},"class_list":["post-13","page","type-page","status-publish","hentry"],"_links":{"self":[{"href":"https:\/\/www.avo.cat\/wordpress\/wp-json\/wp\/v2\/pages\/13","targetHints":{"allow":["GET"]}}],"collection":[{"href":"https:\/\/www.avo.cat\/wordpress\/wp-json\/wp\/v2\/pages"}],"about":[{"href":"https:\/\/www.avo.cat\/wordpress\/wp-json\/wp\/v2\/types\/page"}],"author":[{"embeddable":true,"href":"https:\/\/www.avo.cat\/wordpress\/wp-json\/wp\/v2\/users\/1"}],"replies":[{"embeddable":true,"href":"https:\/\/www.avo.cat\/wordpress\/wp-json\/wp\/v2\/comments?post=13"}],"version-history":[{"count":5,"href":"https:\/\/www.avo.cat\/wordpress\/wp-json\/wp\/v2\/pages\/13\/revisions"}],"predecessor-version":[{"id":360,"href":"https:\/\/www.avo.cat\/wordpress\/wp-json\/wp\/v2\/pages\/13\/revisions\/360"}],"wp:attachment":[{"href":"https:\/\/www.avo.cat\/wordpress\/wp-json\/wp\/v2\/media?parent=13"}],"curies":[{"name":"wp","href":"https:\/\/api.w.org\/{rel}","templated":true}]}}