{"id":173,"date":"2024-06-08T11:58:47","date_gmt":"2024-06-08T09:58:47","guid":{"rendered":"http:\/\/avo.cat\/wordpress\/?page_id=173"},"modified":"2024-06-08T11:58:47","modified_gmt":"2024-06-08T09:58:47","slug":"les-honoraires","status":"publish","type":"page","link":"https:\/\/www.avo.cat\/wordpress\/les-honoraires\/","title":{"rendered":"Les Honoraires"},"content":{"rendered":"\n<p><strong>D\u00e9cision du 12 juillet 2007 portant adoption du r\u00e8glement int\u00e9rieur national (RIN) de la profession d&rsquo;avocat (art. 21-1 de la loi du 31 d\u00e9cembre 1971 modifi\u00e9e)<\/strong><\/p>\n\n\n\n<p style=\"font-size:20px\"><strong>Comment sont d\u00e9termin\u00e9s les honoraires de l&rsquo;avocat\u00a0?<\/strong><\/p>\n\n\n\n<p>A d\u00e9faut de convention entre l&rsquo;avocat et son client, <strong>les honoraires sont fix\u00e9s selon les usages<\/strong>, en fonction de la situation de fortune du client, de la difficult\u00e9 de l&rsquo;affaire, des frais expos\u00e9s par l&rsquo;avocat, de la notori\u00e9t\u00e9 et des diligences de celui-ci.<\/p>\n\n\n\n<p>L&rsquo;avocat charg\u00e9 d&rsquo;un dossier peut demander des honoraires \u00e0 son client m\u00eame si ce dossier lui est retir\u00e9 avant sa conclusion, dans la mesure du travail accompli.<\/p>\n\n\n\n<p><strong>Information du client :<\/strong><\/p>\n\n\n\n<p>L&rsquo;avocat informe son client, d\u00e8s sa saisine, puis de mani\u00e8re r\u00e9guli\u00e8re, des modalit\u00e9s de d\u00e9termination des honoraires et de l&rsquo;\u00e9volution pr\u00e9visible de leur montant.<\/p>\n\n\n\n<p>Le cas \u00e9ch\u00e9ant, ces informations figurent dans la convention d&rsquo;honoraires.<\/p>\n\n\n\n<p><strong>\u00c9l\u00e9ments de la r\u00e9mun\u00e9ration :<\/strong><\/p>\n\n\n\n<p><strong>La r\u00e9mun\u00e9ration de l&rsquo;avocat est fonction, notamment, de chacun des \u00e9l\u00e9ments suivants conform\u00e9ment aux usages :<\/strong><\/p>\n\n\n\n<p>&#8211; le temps consacr\u00e9 \u00e0 l&rsquo;affaire ;<\/p>\n\n\n\n<p>&#8211; le travail de recherche ;<\/p>\n\n\n\n<p>&#8211; la nature et la difficult\u00e9 de l&rsquo;affaire ;<\/p>\n\n\n\n<p>&#8211; l&rsquo;importance des int\u00e9r\u00eats en cause ;<\/p>\n\n\n\n<p>&#8211; l&rsquo;incidence des frais et charges du cabinet auquel il appartient ;<\/p>\n\n\n\n<p>&#8211; sa notori\u00e9t\u00e9, ses titres, son anciennet\u00e9, son exp\u00e9rience et la sp\u00e9cialisation dont il est titulaire ;<\/p>\n\n\n\n<p>&#8211; les avantages et le r\u00e9sultat obtenus au profit du client par son travail, ainsi que le service rendu \u00e0 celui-ci ;<\/p>\n\n\n\n<p>&#8211; la situation de fortune du client.<\/p>\n\n\n\n<p><strong>Modes de d\u00e9termination des honoraires :<\/strong><\/p>\n\n\n\n<p><br>Modes autoris\u00e9s :<\/p>\n\n\n\n<p>Des honoraires forfaitaires peuvent \u00eatre convenus. L&rsquo;avocat peut recevoir d&rsquo;un client des honoraires de mani\u00e8re p\u00e9riodique, y compris sous forme forfaitaire.<\/p>\n\n\n\n<p>Modes prohib\u00e9s :<\/p>\n\n\n\n<p><strong>Il est interdit \u00e0 l&rsquo;avocat de fixer ses honoraires par un pacte de quota litis<\/strong>, c&rsquo;est-\u00e0-dire une convention pass\u00e9e entre l&rsquo;avocat et son client avant d\u00e9cision judiciaire d\u00e9finitive, qui fixe exclusivement l&rsquo;int\u00e9gralit\u00e9 de ses honoraires en fonction du r\u00e9sultat judiciaire de l&rsquo;affaire, que ces honoraires consistent en une somme d&rsquo;argent ou en tout autre bien ou valeur.<\/p>\n\n\n\n<p><br>L&rsquo;avocat ne peut percevoir d&rsquo;honoraires que de son client ou d&rsquo;un mandataire de celui-ci.<\/p>\n\n\n\n<p>La r\u00e9mun\u00e9ration d&rsquo;apports d&rsquo;affaires est interdite.<\/p>\n\n\n\n<p><br><strong>Provision sur frais et honoraires :<\/strong><\/p>\n\n\n\n<p>L&rsquo;avocat qui accepte la charge d&rsquo;un dossier peut demander \u00e0 son client le versement pr\u00e9alable d&rsquo;une provision \u00e0 valoir sur ses frais et honoraires.<\/p>\n\n\n\n<p>Cette provision ne peut aller au-del\u00e0 d&rsquo;une estimation raisonnable des honoraires et des d\u00e9bours probables entra\u00een\u00e9s par le dossier.<\/p>\n\n\n\n<p><br>A d\u00e9faut de paiement de la provision demand\u00e9e, l&rsquo;avocat peut renoncer \u00e0 s&rsquo;occuper de l&rsquo;affaire ou s&rsquo;en retirer dans les conditions pr\u00e9vues \u00e0 l&rsquo;article 13 du d\u00e9cret du 12 juillet 2005 susvis\u00e9. Il fournit \u00e0 son client toute information n\u00e9cessaire \u00e0 cet effet.<\/p>\n\n\n\n<p><br><strong>Modes de r\u00e8glement des honoraires :<\/strong><\/p>\n\n\n\n<p>Les honoraires sont pay\u00e9s dans les conditions pr\u00e9vues par la loi et les r\u00e8glements, notamment en esp\u00e8ces, par ch\u00e8que, par virement, par billet \u00e0 ordre et par carte bancaire.<\/p>\n\n\n\n<p>L&rsquo;avocat peut recevoir un paiement par lettre de change d\u00e8s lors que celle-ci est accept\u00e9e par le tir\u00e9, client de l&rsquo;avocat.<\/p>\n\n\n\n<p>L&rsquo;endossement ne peut \u00eatre fait qu&rsquo;au profit de la banque de l&rsquo;avocat, aux seules fins d&rsquo;encaissement.<\/p>\n\n\n\n<p><br>Toute contestation d&rsquo;honoraires devra se faire devant le B\u00e2tonnier de l&rsquo;Ordre des Avocats dont rel\u00e8ve l&rsquo;avocat.<\/p>\n\n\n\n<p>(Article 11&nbsp;: Honoraires. &#8211; Emoluments. &#8211; D\u00e9bours. &#8211; Mode de paiement des honoraires)<\/p>\n","protected":false},"excerpt":{"rendered":"<p>D\u00e9cision du 12 juillet 2007 portant adoption du r\u00e8glement int\u00e9rieur national (RIN) de la profession d&rsquo;avocat (art. 21-1 de la loi du 31 d\u00e9cembre 1971 modifi\u00e9e) Comment sont d\u00e9termin\u00e9s les honoraires de l&rsquo;avocat\u00a0? A d\u00e9faut de convention entre l&rsquo;avocat et son client, les honoraires sont fix\u00e9s selon les usages, en fonction de la situation de &hellip; <\/p>\n<p class=\"link-more\"><a href=\"https:\/\/www.avo.cat\/wordpress\/les-honoraires\/\" class=\"more-link\">Continuer la lecture<span class=\"screen-reader-text\"> de &laquo;&nbsp;Les Honoraires&nbsp;&raquo;<\/span><\/a><\/p>\n","protected":false},"author":1,"featured_media":0,"parent":0,"menu_order":0,"comment_status":"closed","ping_status":"closed","template":"","meta":{"footnotes":""},"class_list":["post-173","page","type-page","status-publish","hentry"],"_links":{"self":[{"href":"https:\/\/www.avo.cat\/wordpress\/wp-json\/wp\/v2\/pages\/173","targetHints":{"allow":["GET"]}}],"collection":[{"href":"https:\/\/www.avo.cat\/wordpress\/wp-json\/wp\/v2\/pages"}],"about":[{"href":"https:\/\/www.avo.cat\/wordpress\/wp-json\/wp\/v2\/types\/page"}],"author":[{"embeddable":true,"href":"https:\/\/www.avo.cat\/wordpress\/wp-json\/wp\/v2\/users\/1"}],"replies":[{"embeddable":true,"href":"https:\/\/www.avo.cat\/wordpress\/wp-json\/wp\/v2\/comments?post=173"}],"version-history":[{"count":1,"href":"https:\/\/www.avo.cat\/wordpress\/wp-json\/wp\/v2\/pages\/173\/revisions"}],"predecessor-version":[{"id":174,"href":"https:\/\/www.avo.cat\/wordpress\/wp-json\/wp\/v2\/pages\/173\/revisions\/174"}],"wp:attachment":[{"href":"https:\/\/www.avo.cat\/wordpress\/wp-json\/wp\/v2\/media?parent=173"}],"curies":[{"name":"wp","href":"https:\/\/api.w.org\/{rel}","templated":true}]}}