{"id":20,"date":"2020-12-06T11:19:45","date_gmt":"2020-12-06T10:19:45","guid":{"rendered":"http:\/\/avo.cat\/wordpress\/?page_id=20"},"modified":"2024-06-08T14:27:54","modified_gmt":"2024-06-08T12:27:54","slug":"accueil","status":"publish","type":"page","link":"https:\/\/www.avo.cat\/wordpress\/","title":{"rendered":"Accueil"},"content":{"rendered":"<div class=\"wp-block-image is-style-default\">\n<figure class=\"alignright size-full\"><img loading=\"lazy\" decoding=\"async\" width=\"242\" height=\"209\" src=\"http:\/\/avo.cat\/wordpress\/wp-content\/uploads\/2024\/06\/wpdc5d1961_06.jpg\" alt=\"\" class=\"wp-image-338\"\/><\/figure>\n<\/div>\n\n\n<p>L\u2019avocat est un professionnel du droit qui a traditionnellement la charge de vous assister et de vous repr\u00e9senter, en cas de litige, notamment, devant les diff\u00e9rents tribunaux. C\u2019est ce r\u00f4le de d\u00e9fenseur qui est le plus connu.<\/p>\n\n\n\n<p>N\u00e9anmoins, il ne faut pas n\u00e9gliger que l\u2019avocat n\u2019est pas seulement l\u00e0 en cas de litige\u2026. Bien au contraire.<\/p>\n\n\n\n<p>Alors, quand faire appel \u00e0 un avocat et pourquoi&nbsp;?<\/p>\n\n\n\n<p>L\u2019avocat est un technicien du droit qui, en raison de son exp\u00e9rience devant les institutions et les juridictions, conna\u00eet non seulement la loi, mais \u00e9galement les d\u00e9cisions rendues par les tribunaux\u2026<\/p>\n\n\n\n<p>L\u2019Avocat n\u2019est donc pas seulement un professionnel, c\u2019est un praticien.<\/p>\n\n\n\n<p>Ainsi, l\u2019Avocat vous informe et vous conseille tant sur l\u2019\u00e9tat du droit actuel (ce que dit la loi) que sur les risques d\u2019un litige potentiel &nbsp;gr\u00e2ce \u00e0 sa pratique des institutions (fiscales, administratives, judiciaires, etc\u2026).<\/p>\n\n\n\n<p>Son expertise permets alors d\u2019aller au-del\u00e0 de la simple question&nbsp;de la l\u00e9galit\u00e9&#8230; pour s\u2019interroger sur l\u2019opportunit\u00e9, l\u2019adaptation et bien \u00e9videmment, l\u2019efficacit\u00e9 d\u2019une d\u00e9cision \u00e0 prendre, &nbsp;pour &nbsp;vous conseiller.<\/p>\n\n\n\n<p>C\u2019est donc \u00e0 l\u2019issue d\u2019une analyse pr\u00e9cise et compl\u00e8te que votre avocat pourra r\u00e9pondre \u00e0 vos questions (consultations), r\u00e9diger des actes (contrats, le plus souvent) et\/ou &nbsp;transiger afin de limiter les risques de l\u2019al\u00e9a judiciaire.<\/p>\n\n\n\n<p>C\u2019est pour ces raisons qu\u2019il est souhaitable de consulter un avocat en amont de toute prise de d\u00e9cision car une fois que le litige est n\u00e9 et qu\u2019une juridiction est saisie, la situation est souvent fig\u00e9e et la marge de man\u0153uvre se r\u00e9duit consid\u00e9rablement.<\/p>\n\n\n\n<p>Notez \u00e9galement que si l\u2019Avocat vous assiste, vous repr\u00e9sente et vous conseille, il a \u00e9galement la capacit\u00e9 de certifier vos actes sous-seing priv\u00e9 gr\u00e2ce \u00e0 l\u2019Acte d\u2019Avocat.<\/p>\n\n\n\n<h1 class=\"wp-block-heading\">Les locaux<\/h1>\n\n\n<div class=\"wp-block-image\">\n<figure class=\"alignright size-full\"><img loading=\"lazy\" decoding=\"async\" width=\"249\" height=\"156\" src=\"http:\/\/avo.cat\/wordpress\/wp-content\/uploads\/2024\/06\/wpdf8a2bdc_05_06.jpg\" alt=\"\" class=\"wp-image-339\"\/><\/figure>\n<\/div>\n\n\n<p>Ils sont situ\u00e9s au 3\u00e8me \u00e9tage de la Tour du DISTRIPORT au Boulou.<\/p>\n\n\n\n<p>Le Boulou est la premi\u00e8re sortie d\u2019autoroute en France pour nos voisins de catalogne sud et au-del\u00e0 &nbsp;et est donc le lieu id\u00e9al pour une activit\u00e9 li\u00e9 \u00e0 l\u2019int\u00e9gration transfrontali\u00e8re de part et d\u2019autre des Pyr\u00e9n\u00e9es.<\/p>\n\n\n\n<p>Vous pourrez garer votre v\u00e9hicule au pied de l\u2019immeuble.<\/p>\n\n\n\n<p>Le parking est gratuit.<\/p>\n","protected":false},"excerpt":{"rendered":"<p>L\u2019avocat est un professionnel du droit qui a traditionnellement la charge de vous assister et de vous repr\u00e9senter, en cas de litige, notamment, devant les diff\u00e9rents tribunaux. C\u2019est ce r\u00f4le de d\u00e9fenseur qui est le plus connu. N\u00e9anmoins, il ne faut pas n\u00e9gliger que l\u2019avocat n\u2019est pas seulement l\u00e0 en cas de litige\u2026. Bien au &hellip; <\/p>\n<p class=\"link-more\"><a href=\"https:\/\/www.avo.cat\/wordpress\/\" class=\"more-link\">Continuer la lecture<span class=\"screen-reader-text\"> de &laquo;&nbsp;Accueil&nbsp;&raquo;<\/span><\/a><\/p>\n","protected":false},"author":1,"featured_media":0,"parent":0,"menu_order":0,"comment_status":"closed","ping_status":"closed","template":"","meta":{"footnotes":""},"class_list":["post-20","page","type-page","status-publish","hentry"],"_links":{"self":[{"href":"https:\/\/www.avo.cat\/wordpress\/wp-json\/wp\/v2\/pages\/20","targetHints":{"allow":["GET"]}}],"collection":[{"href":"https:\/\/www.avo.cat\/wordpress\/wp-json\/wp\/v2\/pages"}],"about":[{"href":"https:\/\/www.avo.cat\/wordpress\/wp-json\/wp\/v2\/types\/page"}],"author":[{"embeddable":true,"href":"https:\/\/www.avo.cat\/wordpress\/wp-json\/wp\/v2\/users\/1"}],"replies":[{"embeddable":true,"href":"https:\/\/www.avo.cat\/wordpress\/wp-json\/wp\/v2\/comments?post=20"}],"version-history":[{"count":10,"href":"https:\/\/www.avo.cat\/wordpress\/wp-json\/wp\/v2\/pages\/20\/revisions"}],"predecessor-version":[{"id":345,"href":"https:\/\/www.avo.cat\/wordpress\/wp-json\/wp\/v2\/pages\/20\/revisions\/345"}],"wp:attachment":[{"href":"https:\/\/www.avo.cat\/wordpress\/wp-json\/wp\/v2\/media?parent=20"}],"curies":[{"name":"wp","href":"https:\/\/api.w.org\/{rel}","templated":true}]}}