{"id":93,"date":"2024-03-08T16:51:35","date_gmt":"2024-03-08T15:51:35","guid":{"rendered":"http:\/\/avo.cat\/wordpress\/?page_id=93"},"modified":"2024-06-08T13:31:23","modified_gmt":"2024-06-08T11:31:23","slug":"acitivtes","status":"publish","type":"page","link":"https:\/\/www.avo.cat\/wordpress\/acitivtes\/","title":{"rendered":"Activit\u00e9s"},"content":{"rendered":"\n<p class=\"has-vivid-red-color has-text-color has-link-color has-medium-font-size wp-elements-00c4351bc3b60a5706f76f0222fdd03d\"><strong>Activit\u00e9s dominantes Juridique et fiscale avec une sp\u00e9cificit\u00e9 pour les probl\u00e9matiques li\u00e9es \u00e0 la fronti\u00e8res Franco-catalane<\/strong><\/p>\n\n\n\n<p>Droit des soci\u00e9t\u00e9s (constitution, cession, fusion, acquisition, transformation, dissolution, liquidation)<\/p>\n\n\n\n<p>Transmission d\u2019entreprise (cession de fonds de commerce, fonds artisanaux, client\u00e8les\u2026.)<\/p>\n\n\n\n<p>Proc\u00e9dures collectives (sauvegarde, redressement, liquidation)<\/p>\n\n\n\n<p>Droit commercial (Conseils, r\u00e9daction d\u2019actes, transactions et contentieux)<\/p>\n\n\n\n<p>Recouvrement de cr\u00e9ances civiles et commerciales (aspect transactionnel et judiciaire)<\/p>\n\n\n\n<p>Patrimoine priv\u00e9 et professionnel (acquisition, vente, succession, donation, gestion)<\/p>\n\n\n\n<p>Droit fiscal<\/p>\n\n\n\n<p>&#8211; Pour les particuliers&nbsp;: d\u00e9clarations, acquisitions et transmissions de patrimoine<\/p>\n\n\n\n<p>&#8211; Pour les professionnels &nbsp;: conseil, d\u00e9clarations, assistance \u00e0 contr\u00f4le et contentieux devant &nbsp;&nbsp;l\u2019administration fiscale et les juridictions judiciaires et administratives<\/p>\n\n\n\n<p>&#8211; Pour les artistes et les sportifs&nbsp;: sp\u00e9cificit\u00e9s li\u00e9es \u00e0 leur statut<\/p>\n\n\n\n<p>&#8211; Pour les professions lib\u00e9rales&nbsp;: Conseils, d\u00e9clarations fiscales (TVA, BNC N\u00b02035)<\/p>\n\n\n\n<p>&#8211; Pour la gestion, la d\u00e9claration, l\u2019acquisition et la transmission du patrimoine immobilier et\/ou mobilier, &nbsp;&nbsp;soumis ou non \u00e0 la TVA<\/p>\n\n\n\n<p>&#8211; Pour les questions de fiscalit\u00e9 communautaire et internationale (Notamment &nbsp;&nbsp;France\/Espagne\/Catalogne\/Andorre)<\/p>\n\n\n\n<p>Droit des contrats commerciaux et contrats d\u2019affaires (Conditions g\u00e9n\u00e9rales et particuli\u00e8res de ventes, contrat de distribution, franchises,\u2026).<\/p>\n\n\n\n<p>Droit des baux (professionnels, commerciaux et d\u2019habitation)<\/p>\n\n\n\n<p>Contrats internationaux \u2013 notamment relations transfrontali\u00e8res France\/ Espagne \/ Catalogne \/ Andorre<\/p>\n\n\n\n<p>Droit bancaire et financier<\/p>\n\n\n\n<p>Droit \u00e9conomique<\/p>\n\n\n\n<p>Droit communautaire<\/p>\n\n\n\n<p>Droit des contrats civils (Contrats de pr\u00eats, vente mobili\u00e8res, PACS, etc\u2026)<\/p>\n\n\n\n<p>Droit des associations et autres organismes sans but lucratif<\/p>\n","protected":false},"excerpt":{"rendered":"<p>Activit\u00e9s dominantes Juridique et fiscale avec une sp\u00e9cificit\u00e9 pour les probl\u00e9matiques li\u00e9es \u00e0 la fronti\u00e8res Franco-catalane Droit des soci\u00e9t\u00e9s (constitution, cession, fusion, acquisition, transformation, dissolution, liquidation) Transmission d\u2019entreprise (cession de fonds de commerce, fonds artisanaux, client\u00e8les\u2026.) Proc\u00e9dures collectives (sauvegarde, redressement, liquidation) Droit commercial (Conseils, r\u00e9daction d\u2019actes, transactions et contentieux) Recouvrement de cr\u00e9ances civiles et commerciales &hellip; <\/p>\n<p class=\"link-more\"><a href=\"https:\/\/www.avo.cat\/wordpress\/acitivtes\/\" class=\"more-link\">Continuer la lecture<span class=\"screen-reader-text\"> de &laquo;&nbsp;Activit\u00e9s&nbsp;&raquo;<\/span><\/a><\/p>\n","protected":false},"author":1,"featured_media":0,"parent":0,"menu_order":0,"comment_status":"closed","ping_status":"closed","template":"","meta":{"footnotes":""},"class_list":["post-93","page","type-page","status-publish","hentry"],"_links":{"self":[{"href":"https:\/\/www.avo.cat\/wordpress\/wp-json\/wp\/v2\/pages\/93","targetHints":{"allow":["GET"]}}],"collection":[{"href":"https:\/\/www.avo.cat\/wordpress\/wp-json\/wp\/v2\/pages"}],"about":[{"href":"https:\/\/www.avo.cat\/wordpress\/wp-json\/wp\/v2\/types\/page"}],"author":[{"embeddable":true,"href":"https:\/\/www.avo.cat\/wordpress\/wp-json\/wp\/v2\/users\/1"}],"replies":[{"embeddable":true,"href":"https:\/\/www.avo.cat\/wordpress\/wp-json\/wp\/v2\/comments?post=93"}],"version-history":[{"count":2,"href":"https:\/\/www.avo.cat\/wordpress\/wp-json\/wp\/v2\/pages\/93\/revisions"}],"predecessor-version":[{"id":206,"href":"https:\/\/www.avo.cat\/wordpress\/wp-json\/wp\/v2\/pages\/93\/revisions\/206"}],"wp:attachment":[{"href":"https:\/\/www.avo.cat\/wordpress\/wp-json\/wp\/v2\/media?parent=93"}],"curies":[{"name":"wp","href":"https:\/\/api.w.org\/{rel}","templated":true}]}}