{"id":97,"date":"2024-03-08T16:58:13","date_gmt":"2024-03-08T15:58:13","guid":{"rendered":"http:\/\/avo.cat\/wordpress\/accueil-espanol\/"},"modified":"2024-06-08T12:29:13","modified_gmt":"2024-06-08T10:29:13","slug":"accueil-espanol","status":"publish","type":"page","link":"https:\/\/www.avo.cat\/wordpress\/es\/accueil-espanol\/","title":{"rendered":"Bienvenida"},"content":{"rendered":"<div class=\"wp-block-image\">\n<figure class=\"alignright size-large\"><img decoding=\"async\" src=\"http:\/\/avo.cat\/wordpress\/wpimages\/wpdc5d1961_05_06.jpg\" alt=\"\"\/><\/figure>\n<\/div>\n\n\n<p>El abogado es un profesional del Derecho que tradicionalmente se encarga de ayudarle y representarle, en caso de litigio, en particular, ante los distintos tribunales. Es este papel de defensor el m\u00e1s conocido.<\/p>\n\n\n\n<p>Sin embargo, no debemos descuidar que el abogado no s\u00f3lo est\u00e1 ah\u00ed en caso de litigio\u2026. De lo contrario.<\/p>\n\n\n\n<p>Entonces, \u00bfcu\u00e1ndo deber\u00eda contratar a un abogado y por qu\u00e9?<\/p>\n\n\n\n<p>El abogado es un t\u00e9cnico jur\u00eddico que por su experiencia ante instituciones y tribunales conoce no s\u00f3lo la ley, sino tambi\u00e9n las decisiones dictadas por los tribunales\u2026<\/p>\n\n\n\n<p>El Abogado, por tanto, no es s\u00f3lo un profesional, es un practicante.<\/p>\n\n\n\n<p>As\u00ed, el Abogado le informa y aconseja tanto sobre el estado actual del Derecho (lo que dice la ley) como sobre los riesgos de un potencial litigio gracias a su ejercicio de las instituciones (fiscales, administrativas, judiciales, etc.).<\/p>\n\n\n\n<p>Su experiencia nos permite entonces ir m\u00e1s all\u00e1 de la simple cuesti\u00f3n de legalidad\u2026 para cuestionar la idoneidad, la adaptaci\u00f3n y, por supuesto, la eficacia de una decisi\u00f3n a tomar, para asesorarle.<\/p>\n\n\n\n<p>Por lo tanto, al final de un an\u00e1lisis preciso y completo, su abogado podr\u00e1 responder a sus preguntas (consultas), redactar actos (contratos, en la mayor\u00eda de los casos) y\/o compromisos para limitar los riesgos del peligro judicial.<\/p>\n\n\n\n<p>Por estas razones es conveniente consultar a un abogado antes de tomar cualquier decisi\u00f3n, porque una vez que ha surgido el conflicto y se recurre a un tribunal, la situaci\u00f3n suele congelarse y el margen de maniobra se reduce considerablemente.<\/p>\n\n\n\n<p>Tenga en cuenta tambi\u00e9n que si el Abogado le asiste, le representa y le asesora, tambi\u00e9n tiene la capacidad de certificar sus actos bajo firma privada gracias al Acta de Abogado.<\/p>\n\n\n\n<h2 class=\"wp-block-heading\">Los locales<\/h2>\n\n\n<div class=\"wp-block-image\">\n<figure class=\"alignright size-large\"><img decoding=\"async\" src=\"http:\/\/avo.cat\/wordpress\/wpimages\/wp0c727d6f_05_06.jpg\" alt=\"\"\/><\/figure>\n<\/div>\n\n\n<p>Est\u00e1n ubicados en el 3er piso de la Torre DISTRIPORT en Boulou.<\/p>\n\n\n\n<p>Le Boulou es la primera salida de autopista en Francia para nuestros vecinos del sur de Catalu\u00f1a y m\u00e1s all\u00e1 y, por tanto, es el lugar ideal para una actividad vinculada a la integraci\u00f3n transfronteriza a ambos lados de los Pirineos.<\/p>\n\n\n\n<p>Puede aparcar su veh\u00edculo a los pies del edificio.<\/p>\n\n\n\n<p>El aparcamiento es gratuito.<\/p>\n","protected":false},"excerpt":{"rendered":"<p>El abogado es un profesional del Derecho que tradicionalmente se encarga de ayudarle y representarle, en caso de litigio, en particular, ante los distintos tribunales. Es este papel de defensor el m\u00e1s conocido. Sin embargo, no debemos descuidar que el abogado no s\u00f3lo est\u00e1 ah\u00ed en caso de litigio\u2026. De lo contrario. Entonces, \u00bfcu\u00e1ndo deber\u00eda &hellip; <\/p>\n<p class=\"link-more\"><a href=\"https:\/\/www.avo.cat\/wordpress\/es\/accueil-espanol\/\" class=\"more-link\">Continuer la lecture<span class=\"screen-reader-text\"> de &laquo;&nbsp;Bienvenida&nbsp;&raquo;<\/span><\/a><\/p>\n","protected":false},"author":1,"featured_media":0,"parent":0,"menu_order":0,"comment_status":"closed","ping_status":"closed","template":"","meta":{"footnotes":""},"class_list":["post-97","page","type-page","status-publish","hentry"],"_links":{"self":[{"href":"https:\/\/www.avo.cat\/wordpress\/wp-json\/wp\/v2\/pages\/97","targetHints":{"allow":["GET"]}}],"collection":[{"href":"https:\/\/www.avo.cat\/wordpress\/wp-json\/wp\/v2\/pages"}],"about":[{"href":"https:\/\/www.avo.cat\/wordpress\/wp-json\/wp\/v2\/types\/page"}],"author":[{"embeddable":true,"href":"https:\/\/www.avo.cat\/wordpress\/wp-json\/wp\/v2\/users\/1"}],"replies":[{"embeddable":true,"href":"https:\/\/www.avo.cat\/wordpress\/wp-json\/wp\/v2\/comments?post=97"}],"version-history":[{"count":4,"href":"https:\/\/www.avo.cat\/wordpress\/wp-json\/wp\/v2\/pages\/97\/revisions"}],"predecessor-version":[{"id":203,"href":"https:\/\/www.avo.cat\/wordpress\/wp-json\/wp\/v2\/pages\/97\/revisions\/203"}],"wp:attachment":[{"href":"https:\/\/www.avo.cat\/wordpress\/wp-json\/wp\/v2\/media?parent=97"}],"curies":[{"name":"wp","href":"https:\/\/api.w.org\/{rel}","templated":true}]}}