{"id":98,"date":"2024-03-08T16:58:13","date_gmt":"2024-03-08T15:58:13","guid":{"rendered":"http:\/\/avo.cat\/wordpress\/accueil-catala\/"},"modified":"2024-06-08T12:29:04","modified_gmt":"2024-06-08T10:29:04","slug":"accueil-catala","status":"publish","type":"page","link":"https:\/\/www.avo.cat\/wordpress\/ca\/accueil-catala\/","title":{"rendered":"Benvingut"},"content":{"rendered":"<div class=\"wp-block-image\">\n<figure class=\"alignright size-large\"><img decoding=\"async\" src=\"http:\/\/avo.cat\/wordpress\/wpimages\/wpdc5d1961_05_06.jpg\" alt=\"\"\/><\/figure>\n<\/div>\n\n\n<p>L&rsquo;advocat \u00e9s un professional del dret que tradicionalment s&rsquo;encarrega d&rsquo;assistir i representar-lo, en cas de litigi, en particular, davant els diferents jutjats. Aquest paper de defensor \u00e9s el m\u00e9s conegut.<\/p>\n\n\n\n<p>No obstant aix\u00f2, no hem de descuidar que l&rsquo;advocat no nom\u00e9s hi \u00e9s en cas de litigi\u2026 Ben al contrari.<\/p>\n\n\n\n<p>Aleshores, quan hauries de contractar un advocat i per qu\u00e8?<\/p>\n\n\n\n<p>L&rsquo;advocat \u00e9s un t\u00e8cnic jur\u00eddic que, per la seva experi\u00e8ncia davant institucions i tribunals, coneix no nom\u00e9s la llei, sin\u00f3 tamb\u00e9 les decisions dictades pels tribunals\u2026<\/p>\n\n\n\n<p>L&rsquo;advocat, per tant, no \u00e9s nom\u00e9s un professional, \u00e9s un practicant.<\/p>\n\n\n\n<p>Aix\u00ed, l&rsquo;Advocat l&rsquo;informa i l&rsquo;assessora tant sobre l&rsquo;estat de dret vigent (el que diu la llei) com sobre els riscos d&rsquo;un potencial conflicte gr\u00e0cies a la seva pr\u00e0ctica institucional (fiscal, administrativa, judicial, etc.).<\/p>\n\n\n\n<p>La seva experi\u00e8ncia ens permet aleshores anar m\u00e9s enll\u00e0 de la simple q\u00fcesti\u00f3 de legalitat\u2026 q\u00fcestionar-nos la idone\u00eftat, l&rsquo;adaptaci\u00f3 i, per descomptat, l&rsquo;efic\u00e0cia d&rsquo;una decisi\u00f3 a prendre, per assessorar-vos.<\/p>\n\n\n\n<p>\u00c9s, doncs, al final d&rsquo;una an\u00e0lisi precisa i completa que el seu advocat podr\u00e0 respondre les seves preguntes (consultes), esborranys d&rsquo;actes (contractes, el m\u00e9s freq\u00fcent) i\/o comprom\u00eds per tal de limitar els riscos del perill judicial.<\/p>\n\n\n\n<p>\u00c9s per aquests motius que \u00e9s convenient consultar un advocat abans de prendre qualsevol decisi\u00f3 perqu\u00e8 un cop sorgit el conflicte i s&rsquo;ha em\u00e8s un tribunal, la situaci\u00f3 sovint es congela i el marge de maniobra es redueix considerablement.<\/p>\n\n\n\n<p>Tingueu en compte tamb\u00e9 que si l&rsquo;Advocat us assisteix, us representa i us assessora, tamb\u00e9 t\u00e9 capacitat per certificar els vostres actes sota signatura privada gr\u00e0cies a l&rsquo;Escriptura de l&rsquo;Advocat.<\/p>\n\n\n\n<h2 class=\"wp-block-heading\">Els locals<\/h2>\n\n\n<div class=\"wp-block-image\">\n<figure class=\"alignright size-large\"><img decoding=\"async\" src=\"http:\/\/avo.cat\/wordpress\/wpimages\/wp0c727d6f_05_06.jpg\" alt=\"\"\/><\/figure>\n<\/div>\n\n\n<p>Es troben a la 3a planta de la Torre DISTRIPORT de Boulou.<\/p>\n\n\n\n<p>Le Boulou \u00e9s la primera sortida d&rsquo;autopista de Fran\u00e7a per als nostres ve\u00efns del sud de Catalunya i m\u00e9s enll\u00e0 i, per tant, \u00e9s el lloc ideal per a una activitat vinculada a la integraci\u00f3 transfronterera a banda i banda dels Pirineus.<\/p>\n\n\n\n<p>Pots aparcar el teu vehicle als peus de l&rsquo;edifici.<\/p>\n\n\n\n<p>L&rsquo;aparcament \u00e9s gratu\u00eft.<\/p>\n","protected":false},"excerpt":{"rendered":"<p>L&rsquo;advocat \u00e9s un professional del dret que tradicionalment s&rsquo;encarrega d&rsquo;assistir i representar-lo, en cas de litigi, en particular, davant els diferents jutjats. Aquest paper de defensor \u00e9s el m\u00e9s conegut. No obstant aix\u00f2, no hem de descuidar que l&rsquo;advocat no nom\u00e9s hi \u00e9s en cas de litigi\u2026 Ben al contrari. Aleshores, quan hauries de contractar &hellip; <\/p>\n<p class=\"link-more\"><a href=\"https:\/\/www.avo.cat\/wordpress\/ca\/accueil-catala\/\" class=\"more-link\">Continuer la lecture<span class=\"screen-reader-text\"> de &laquo;&nbsp;Benvingut&nbsp;&raquo;<\/span><\/a><\/p>\n","protected":false},"author":1,"featured_media":0,"parent":0,"menu_order":0,"comment_status":"closed","ping_status":"closed","template":"","meta":{"footnotes":""},"class_list":["post-98","page","type-page","status-publish","hentry"],"_links":{"self":[{"href":"https:\/\/www.avo.cat\/wordpress\/wp-json\/wp\/v2\/pages\/98","targetHints":{"allow":["GET"]}}],"collection":[{"href":"https:\/\/www.avo.cat\/wordpress\/wp-json\/wp\/v2\/pages"}],"about":[{"href":"https:\/\/www.avo.cat\/wordpress\/wp-json\/wp\/v2\/types\/page"}],"author":[{"embeddable":true,"href":"https:\/\/www.avo.cat\/wordpress\/wp-json\/wp\/v2\/users\/1"}],"replies":[{"embeddable":true,"href":"https:\/\/www.avo.cat\/wordpress\/wp-json\/wp\/v2\/comments?post=98"}],"version-history":[{"count":2,"href":"https:\/\/www.avo.cat\/wordpress\/wp-json\/wp\/v2\/pages\/98\/revisions"}],"predecessor-version":[{"id":202,"href":"https:\/\/www.avo.cat\/wordpress\/wp-json\/wp\/v2\/pages\/98\/revisions\/202"}],"wp:attachment":[{"href":"https:\/\/www.avo.cat\/wordpress\/wp-json\/wp\/v2\/media?parent=98"}],"curies":[{"name":"wp","href":"https:\/\/api.w.org\/{rel}","templated":true}]}}